{"id":3214,"date":"2015-07-03T09:44:57","date_gmt":"2015-07-03T09:44:57","guid":{"rendered":"http:\/\/themes.themegoods.com\/photography\/demo1\/?page_id=3214"},"modified":"2023-02-25T07:17:51","modified_gmt":"2023-02-25T13:17:51","slug":"san-miguel-de-allende","status":"publish","type":"page","link":"https:\/\/malanquinsanmiguel.com\/?page_id=3214","title":{"rendered":"San Miguel de Allende"},"content":{"rendered":"<div class=\"one fullwidth \">\n\t\t\t<!-- START San Miguel de Allende REVOLUTION SLIDER 6.1.4 --><\/p>\n<p class=\"rs-p-wp-fix\">\n<p>\t\t\t\t\t\t\t<img loading=\"lazy\" decoding=\"async\" src=\"\/\/malanquinsanmiguel.com\/wp-content\/uploads\/2019\/11\/San-Miguel-de-Allende-Background.jpg\" title=\"San Miguel de Allende &#8211; Background\" width=\"1000\" height=\"749\" class=\"rev-slidebg\" data-no-retina><br \/>\n<!--\n\t\t\t\t\t\t\t-->San Miguel<br \/>\n\t\t\t\t\t\t\t<!--\n\n\t\t\t\t\t\t\t-->de Allende, Guanajuato<br \/>\n\t\t\t\t\t\t\t<!--\n-->\t\t\t\t\t\t<\/p>\n<p>\t\t\t\t\tsetREVStartSize({c: &#8216;rev_slider_9_1&#8242;,rl:[1240,1024,778,480],el:[700],gw:[1400],gh:[700],layout:&#8217;fullwidth&#8217;,mh:&#8221;0&#8243;});<br \/>\n\t\t\t\t\tvar\trevapi9,<br \/>\n\t\t\t\t\t\ttpj;<br \/>\n\t\t\t\t\tjQuery(function() {<br \/>\n\t\t\t\t\t\ttpj = jQuery;<br \/>\n\t\t\t\t\t\tif(tpj(&#8220;#rev_slider_9_1&#8221;).revolution == undefined){<br \/>\n\t\t\t\t\t\t\trevslider_showDoubleJqueryError(&#8220;#rev_slider_9_1&#8221;);<br \/>\n\t\t\t\t\t\t}else{<br \/>\n\t\t\t\t\t\t\trevapi9 = tpj(&#8220;#rev_slider_9_1&#8243;).show().revolution({<br \/>\n\t\t\t\t\t\t\t\tsliderType:&#8221;hero&#8221;,<br \/>\n\t\t\t\t\t\t\t\tjsFileLocation:&#8221;\/\/malanquinlamesa.com\/wp-content\/plugins\/revslider\/public\/assets\/js\/&#8221;,<br \/>\n\t\t\t\t\t\t\t\tsliderLayout:&#8221;fullwidth&#8221;,<br \/>\n\t\t\t\t\t\t\t\tvisibilityLevels:&#8221;1240,1024,778,480&#8243;,<br \/>\n\t\t\t\t\t\t\t\tgridwidth:1400,<br \/>\n\t\t\t\t\t\t\t\tgridheight:700,<br \/>\n\t\t\t\t\t\t\t\tminHeight:&#8221;&#8221;,<br \/>\n\t\t\t\t\t\t\t\teditorheight:&#8221;700,700,400,300&#8243;,<br \/>\n\t\t\t\t\t\t\t\tresponsiveLevels:&#8221;1240,1024,778,480&#8243;,<br \/>\n\t\t\t\t\t\t\t\tdisableProgressBar:&#8221;on&#8221;,<br \/>\n\t\t\t\t\t\t\t\tnavigation: {<br \/>\n\t\t\t\t\t\t\t\t\tonHoverStop:false<br \/>\n\t\t\t\t\t\t\t\t},<br \/>\n\t\t\t\t\t\t\t\tfallbacks: {<br \/>\n\t\t\t\t\t\t\t\t\tignoreHeightChanges:&#8221;&#8221;,<br \/>\n\t\t\t\t\t\t\t\t\tallowHTML5AutoPlayOnAndroid:true<br \/>\n\t\t\t\t\t\t\t\t},<br \/>\n\t\t\t\t\t\t\t});<br \/>\n\t\t\t\t\t\t}<\/p>\n<p>\t\t\t\t\t});<\/p>\n<p>\t\t\t<!-- END REVOLUTION SLIDER -->\n<\/div>\n<div class=\"standard_wrapper\">\n<div class=\"one_third withsmallpadding ppb_header \" style=\"text-align:left;padding:50px 0 50px 0\">\n<div class=\"page_content_wrapper\">\n<div class=\"inner\">\n<div style=\"margin:auto;width:50%\">\n<h2 class=\"ppb_title\">La Ciudad<\/h2>\n<hr class=\"title_break left\" \/>\n<div class=\"ppb_header_content\">\n<p>Para conocer San Miguel de Allende, no hay mejor forma que hacerlo a pie en sus bellas calles empedradas.<\/p>\n<\/div>\n<\/div>\n<\/div>\n<\/div>\n<\/div>\n<\/div>\n<div class=\"standard_wrapper\">\n<div class=\"two_third last withsmallpadding ppb_text\" style=\"padding:50px 0 50px 0\">\n<div class=\"standard_wrapper\">\n<div class=\"page_content_wrapper\">\n<div class=\"inner\">\n<div style=\"margin:auto;width:100%\">\n<p>Muchas tiendas, restaurantes, y sitios de inter\u00e9s se encuentran ubicados en el centro hist\u00f3rico. Por esta raz\u00f3n te recomendamos llevar zapatos c\u00f3modos, ya que tampoco hay muchos estacionamientos y en tempradas altas est\u00e1n muy llenos.<\/p>\n<p>Casi todo el a\u00f1o San Miguel cuenta con buen clima. Puedes traer ropa delgada, traje de ba\u00f1o (Algunos hoteles tienen alberca y muy cerca se encuentran balnearios de aguas termales), y un su\u00e9ter para la noche.<\/p>\n<p>En invierno el clima es m\u00e1s fresco. A partir de Noviembre y hasta Febrero es recomendable llevar ropa un poco m\u00e1s gruesa.<\/p>\n<\/div>\n<\/div>\n<\/div>\n<\/div>\n<\/div>\n<\/div>\n<div class=\"ppb_gallery_mixed_grid one nopadding \">\n<div class=\"standard_wrapper\">\n<div id=\"15734936811527497405\" class=\"portfolio_mixed_filter_wrapper gallery portfolio-content section content clearfix three_cols contain\">\n<div class=\"element grid classic3_cols double_size kenburns\">\n<div class=\"one_third gallery3 double_size gallery_type filterable static1\"><a data-rel=\"photography_gallery_442\" data-title=\"\" data-desc=\"\" data-thumb=\"https:\/\/malanquinsanmiguel.com\/wp-content\/uploads\/2017\/11\/sanmiguel5-300x229.jpeg\" href=\"https:\/\/malanquinsanmiguel.com\/wp-content\/uploads\/2017\/11\/sanmiguel5.jpeg\" class=\"fancy-gallery\"><img decoding=\"async\" src=\"https:\/\/malanquinsanmiguel.com\/wp-content\/uploads\/2017\/11\/sanmiguel5.jpeg\" alt=\"\" \/><\/a><\/div>\n<\/div>\n<div class=\"element grid classic3_cols normal_size kenburns\">\n<div class=\"one_third gallery3 normal_size gallery_type filterable static2\"><a data-rel=\"photography_gallery_442\" data-title=\"\" data-desc=\"\" data-thumb=\"https:\/\/malanquinsanmiguel.com\/wp-content\/uploads\/2017\/11\/sanmiguel4-300x225.jpeg\" href=\"https:\/\/malanquinsanmiguel.com\/wp-content\/uploads\/2017\/11\/sanmiguel4.jpeg\" class=\"fancy-gallery\"><img decoding=\"async\" src=\"https:\/\/malanquinsanmiguel.com\/wp-content\/uploads\/2017\/11\/sanmiguel4.jpeg\" alt=\"\" \/><\/a><\/div>\n<\/div>\n<div class=\"element grid classic3_cols normal_size kenburns\">\n<div class=\"one_third gallery3 normal_size gallery_type filterable static3\"><a data-rel=\"photography_gallery_442\" data-title=\"\" data-desc=\"\" data-thumb=\"https:\/\/malanquinsanmiguel.com\/wp-content\/uploads\/2017\/11\/sanmiguel3-300x187.jpeg\" href=\"https:\/\/malanquinsanmiguel.com\/wp-content\/uploads\/2017\/11\/sanmiguel3.jpeg\" class=\"fancy-gallery\"><img decoding=\"async\" src=\"https:\/\/malanquinsanmiguel.com\/wp-content\/uploads\/2017\/11\/sanmiguel3.jpeg\" alt=\"\" \/><\/a><\/div>\n<\/div>\n<\/div>\n<\/div>\n<\/div>\n<div class=\"one withsmallpadding ppb_content_half_bg withbg \" style=\"background-image:url(http:\/\/malanquinlamesa.com\/wp-content\/uploads\/2019\/11\/San-Miguel-de-Allende-Background.jpg);background-position: center top;padding:85px 0 85px 0\">\n<div class=\"standard_wrapper\">\n<div class=\"page_content_wrapper\">\n<div class=\"inner\">\n<div class=\"one_half_bg\" style=\"background:#ffffff\">\n<h2 class=\"ppb_title\">Premios<\/h2>\n<hr class=\"title_break left\" \/>\n<p>1.- El 1 de noviembre de 2013, la revista \u201cCondenast Traveler\u201d premi\u00f3 a San Miguel de Allende como la mejor ciudad del mundo junto con otras 24 ciudades que son conocidas por su contribuci\u00f3n cultural, belleza arquitect\u00f3nica y lugares de entretenimiento.<\/p>\n<p>2.- Otorgado entre las 10 mejores ciudades del mundo para los amantes del arte: MSNB.<\/p>\n<p>3.- San Miguel de Allende fue nombrada la ciudad n\u00famero 1 en M\u00e9xico, Centroam\u00e9rica y Sudam\u00e9rica y la n\u00famero 3 en las mejores ciudades del mundo en los mejores premios 2016 de Travel + Leisure World.<\/p>\n<p>4.- El 7 de julio de 2008, San Miguel Allende fue reconocida y protegida por la UNESCO como ciudad del \u201cPatrimonio Cultural Mundial\u201d.<\/p>\n<\/div>\n<\/div>\n<\/div>\n<\/div>\n<\/div>\n<div class=\"one withsmallpadding ppb_text\" style=\"padding:30px 0 30px 0\">\n<div class=\"standard_wrapper\">\n<div class=\"page_content_wrapper\">\n<div class=\"inner\">\n<div style=\"margin:auto;width:100%\">\n<p style=\"text-align: center\">\n<\/div>\n<\/div>\n<\/div>\n<\/div>\n<\/div>\n<div id=\"Patrimonio de la Humanidad\" class=\"one withsmallpadding ppb_header \" style=\"text-align:center;padding:30px 0 30px 0\">\n<div class=\"standard_wrapper\">\n<div class=\"page_content_wrapper\">\n<div class=\"inner\">\n<div style=\"margin:auto;width:100%\">\n<h2 class=\"ppb_title\">Vive en la Mejor Ciudad del Mundo<\/h2>\n<hr class=\"title_break center\" \/>\n<div class=\"ppb_header_content\">\n<p>San Miguel de Allende, Guanajuato<\/p>\n<\/div>\n<\/div>\n<\/div>\n<\/div>\n<\/div>\n<\/div>\n","protected":false},"excerpt":{"rendered":"","protected":false},"author":1,"featured_media":0,"parent":0,"menu_order":0,"comment_status":"closed","ping_status":"open","template":"","meta":{"_monsterinsights_skip_tracking":false,"_monsterinsights_sitenote_active":false,"_monsterinsights_sitenote_note":"","_monsterinsights_sitenote_category":0,"footnotes":""},"class_list":["post-3214","page","type-page","status-publish","hentry"],"yoast_head":"<!-- This site is optimized with the Yoast SEO plugin v23.4 - https:\/\/yoast.com\/wordpress\/plugins\/seo\/ -->\n<title>San Miguel de Allende - Residencial Malanquin La Mesa<\/title>\n<meta name=\"robots\" content=\"index, follow, max-snippet:-1, max-image-preview:large, max-video-preview:-1\" \/>\n<link rel=\"canonical\" href=\"https:\/\/malanquinsanmiguel.com\/?page_id=3214\" \/>\n<meta property=\"og:locale\" content=\"es_MX\" \/>\n<meta property=\"og:type\" content=\"article\" \/>\n<meta property=\"og:title\" content=\"San Miguel de Allende - Residencial Malanquin La Mesa\" \/>\n<meta property=\"og:url\" content=\"https:\/\/malanquinsanmiguel.com\/?page_id=3214\" \/>\n<meta property=\"og:site_name\" content=\"Residencial Malanquin La Mesa\" \/>\n<meta property=\"article:modified_time\" content=\"2023-02-25T13:17:51+00:00\" \/>\n<meta property=\"og:image\" content=\"https:\/\/malanquinsanmiguel.com\/wp-content\/uploads\/2017\/11\/sanmiguel5.jpeg\" \/>\n<meta name=\"twitter:card\" content=\"summary_large_image\" \/>\n<meta name=\"twitter:label1\" content=\"Tiempo de lectura\" \/>\n\t<meta name=\"twitter:data1\" content=\"2 minutos\" \/>\n<script type=\"application\/ld+json\" class=\"yoast-schema-graph\">{\"@context\":\"https:\/\/schema.org\",\"@graph\":[{\"@type\":\"WebPage\",\"@id\":\"https:\/\/malanquinsanmiguel.com\/?page_id=3214\",\"url\":\"https:\/\/malanquinsanmiguel.com\/?page_id=3214\",\"name\":\"San Miguel de Allende - Residencial Malanquin La Mesa\",\"isPartOf\":{\"@id\":\"https:\/\/malanquinsanmiguel.com\/#website\"},\"primaryImageOfPage\":{\"@id\":\"https:\/\/malanquinsanmiguel.com\/?page_id=3214#primaryimage\"},\"image\":{\"@id\":\"https:\/\/malanquinsanmiguel.com\/?page_id=3214#primaryimage\"},\"thumbnailUrl\":\"https:\/\/malanquinsanmiguel.com\/wp-content\/uploads\/2017\/11\/sanmiguel5.jpeg\",\"datePublished\":\"2015-07-03T09:44:57+00:00\",\"dateModified\":\"2023-02-25T13:17:51+00:00\",\"breadcrumb\":{\"@id\":\"https:\/\/malanquinsanmiguel.com\/?page_id=3214#breadcrumb\"},\"inLanguage\":\"es\",\"potentialAction\":[{\"@type\":\"ReadAction\",\"target\":[\"https:\/\/malanquinsanmiguel.com\/?page_id=3214\"]}]},{\"@type\":\"ImageObject\",\"inLanguage\":\"es\",\"@id\":\"https:\/\/malanquinsanmiguel.com\/?page_id=3214#primaryimage\",\"url\":\"https:\/\/malanquinsanmiguel.com\/wp-content\/uploads\/2017\/11\/sanmiguel5.jpeg\",\"contentUrl\":\"https:\/\/malanquinsanmiguel.com\/wp-content\/uploads\/2017\/11\/sanmiguel5.jpeg\"},{\"@type\":\"BreadcrumbList\",\"@id\":\"https:\/\/malanquinsanmiguel.com\/?page_id=3214#breadcrumb\",\"itemListElement\":[{\"@type\":\"ListItem\",\"position\":1,\"name\":\"Inicio\",\"item\":\"https:\/\/malanquinsanmiguel.com\/\"},{\"@type\":\"ListItem\",\"position\":2,\"name\":\"San Miguel de Allende\"}]},{\"@type\":\"WebSite\",\"@id\":\"https:\/\/malanquinsanmiguel.com\/#website\",\"url\":\"https:\/\/malanquinsanmiguel.com\/\",\"name\":\"Residencial Malanquin La Mesa\",\"description\":\"Casas y Terrenos San Miguel de Allende\",\"potentialAction\":[{\"@type\":\"SearchAction\",\"target\":{\"@type\":\"EntryPoint\",\"urlTemplate\":\"https:\/\/malanquinsanmiguel.com\/?s={search_term_string}\"},\"query-input\":{\"@type\":\"PropertyValueSpecification\",\"valueRequired\":true,\"valueName\":\"search_term_string\"}}],\"inLanguage\":\"es\"}]}<\/script>\n<!-- \/ Yoast SEO plugin. -->","yoast_head_json":{"title":"San Miguel de Allende - Residencial Malanquin La Mesa","robots":{"index":"index","follow":"follow","max-snippet":"max-snippet:-1","max-image-preview":"max-image-preview:large","max-video-preview":"max-video-preview:-1"},"canonical":"https:\/\/malanquinsanmiguel.com\/?page_id=3214","og_locale":"es_MX","og_type":"article","og_title":"San Miguel de Allende - Residencial Malanquin La Mesa","og_url":"https:\/\/malanquinsanmiguel.com\/?page_id=3214","og_site_name":"Residencial Malanquin La Mesa","article_modified_time":"2023-02-25T13:17:51+00:00","og_image":[{"url":"https:\/\/malanquinsanmiguel.com\/wp-content\/uploads\/2017\/11\/sanmiguel5.jpeg"}],"twitter_card":"summary_large_image","twitter_misc":{"Tiempo de lectura":"2 minutos"},"schema":{"@context":"https:\/\/schema.org","@graph":[{"@type":"WebPage","@id":"https:\/\/malanquinsanmiguel.com\/?page_id=3214","url":"https:\/\/malanquinsanmiguel.com\/?page_id=3214","name":"San Miguel de Allende - Residencial Malanquin La Mesa","isPartOf":{"@id":"https:\/\/malanquinsanmiguel.com\/#website"},"primaryImageOfPage":{"@id":"https:\/\/malanquinsanmiguel.com\/?page_id=3214#primaryimage"},"image":{"@id":"https:\/\/malanquinsanmiguel.com\/?page_id=3214#primaryimage"},"thumbnailUrl":"https:\/\/malanquinsanmiguel.com\/wp-content\/uploads\/2017\/11\/sanmiguel5.jpeg","datePublished":"2015-07-03T09:44:57+00:00","dateModified":"2023-02-25T13:17:51+00:00","breadcrumb":{"@id":"https:\/\/malanquinsanmiguel.com\/?page_id=3214#breadcrumb"},"inLanguage":"es","potentialAction":[{"@type":"ReadAction","target":["https:\/\/malanquinsanmiguel.com\/?page_id=3214"]}]},{"@type":"ImageObject","inLanguage":"es","@id":"https:\/\/malanquinsanmiguel.com\/?page_id=3214#primaryimage","url":"https:\/\/malanquinsanmiguel.com\/wp-content\/uploads\/2017\/11\/sanmiguel5.jpeg","contentUrl":"https:\/\/malanquinsanmiguel.com\/wp-content\/uploads\/2017\/11\/sanmiguel5.jpeg"},{"@type":"BreadcrumbList","@id":"https:\/\/malanquinsanmiguel.com\/?page_id=3214#breadcrumb","itemListElement":[{"@type":"ListItem","position":1,"name":"Inicio","item":"https:\/\/malanquinsanmiguel.com\/"},{"@type":"ListItem","position":2,"name":"San Miguel de Allende"}]},{"@type":"WebSite","@id":"https:\/\/malanquinsanmiguel.com\/#website","url":"https:\/\/malanquinsanmiguel.com\/","name":"Residencial Malanquin La Mesa","description":"Casas y Terrenos San Miguel de Allende","potentialAction":[{"@type":"SearchAction","target":{"@type":"EntryPoint","urlTemplate":"https:\/\/malanquinsanmiguel.com\/?s={search_term_string}"},"query-input":{"@type":"PropertyValueSpecification","valueRequired":true,"valueName":"search_term_string"}}],"inLanguage":"es"}]}},"_links":{"self":[{"href":"https:\/\/malanquinsanmiguel.com\/index.php?rest_route=\/wp\/v2\/pages\/3214","targetHints":{"allow":["GET"]}}],"collection":[{"href":"https:\/\/malanquinsanmiguel.com\/index.php?rest_route=\/wp\/v2\/pages"}],"about":[{"href":"https:\/\/malanquinsanmiguel.com\/index.php?rest_route=\/wp\/v2\/types\/page"}],"author":[{"embeddable":true,"href":"https:\/\/malanquinsanmiguel.com\/index.php?rest_route=\/wp\/v2\/users\/1"}],"replies":[{"embeddable":true,"href":"https:\/\/malanquinsanmiguel.com\/index.php?rest_route=%2Fwp%2Fv2%2Fcomments&post=3214"}],"version-history":[{"count":0,"href":"https:\/\/malanquinsanmiguel.com\/index.php?rest_route=\/wp\/v2\/pages\/3214\/revisions"}],"wp:attachment":[{"href":"https:\/\/malanquinsanmiguel.com\/index.php?rest_route=%2Fwp%2Fv2%2Fmedia&parent=3214"}],"curies":[{"name":"wp","href":"https:\/\/api.w.org\/{rel}","templated":true}]}}