{"id":3253,"date":"2015-07-03T10:16:50","date_gmt":"2015-07-03T10:16:50","guid":{"rendered":"http:\/\/themes.themegoods.com\/photography\/demo1\/?page_id=3253"},"modified":"2023-02-25T07:17:45","modified_gmt":"2023-02-25T13:17:45","slug":"el-club","status":"publish","type":"page","link":"https:\/\/malanquinsanmiguel.com\/?page_id=3253","title":{"rendered":"El Club"},"content":{"rendered":"<div class=\"parallax \" data-image=\"http:\/\/malanquinlamesa.com\/wp-content\/uploads\/2019\/11\/DJI_0695.jpg\" data-width=\"1024\" data-height=\"575\" style=\"height:500px\"><\/div>\n<p><br class=\"clear\" \/><\/p>\n<div class=\"standard_wrapper\">\n<div class=\"one_third withsmallpadding ppb_header \" style=\"text-align:left;padding:50px 0 50px 0\">\n<div class=\"page_content_wrapper\">\n<div class=\"inner\">\n<div style=\"margin:auto;width:50%\">\n<div class=\"ppb_subtitle\">18 Hoyos Par 72<\/div>\n<h2 class=\"ppb_title\">Campo de Golf<\/h2>\n<hr class=\"title_break left\" \/>\n<div class=\"ppb_header_content\">\n<p>El \u00fanico club en San Miguel de Allende que pertenece a la Federaci\u00f3n Mexicana de Golf.<\/p>\n<\/div>\n<\/div>\n<\/div>\n<\/div>\n<\/div>\n<\/div>\n<div class=\"standard_wrapper\">\n<div class=\"one_third last withsmallpadding ppb_text\" style=\"padding:50px 0 50px 0\">\n<div class=\"standard_wrapper\">\n<div class=\"page_content_wrapper\">\n<div class=\"inner\">\n<div style=\"margin:auto;width:100%\">\n<p>Nuestra comunidad est\u00e1 compuesta de caracter\u00edsticas muy espec\u00edficas dado que est\u00e1 compuesta por familias locales y familias que reci\u00e9n llegan de varios estados de M\u00e9xico, as\u00ed como tambi\u00e9n por extranjeros que viven en San Miguel de Allede de forma permanente y estacional desde EE. UU., Canad\u00e1 y muchos Pa\u00edses europeos.<\/p>\n<\/div>\n<\/div>\n<\/div>\n<\/div>\n<\/div>\n<\/div>\n<div class=\"standard_wrapper\">\n<div class=\"one_third withsmallpadding ppb_text\" style=\"padding:50px 0 50px 0\">\n<div class=\"standard_wrapper\">\n<div class=\"page_content_wrapper\">\n<div class=\"inner\">\n<div style=\"margin:auto;width:100%\">\n<p>El Club tiene una historia de m\u00e1s de 46 a\u00f1os desde su fundaci\u00f3n, fusionando la tradici\u00f3n con la innovaci\u00f3n. Nuestro club ofrece una gran variedad de opciones deportivas de primera clase para todas las edades y niveles. Nuestros miembros pueden disfrutar de golf y tenis, as\u00ed como clases de nataci\u00f3n, f\u00fatbol, \u200b\u200bgimnasio y muchas m\u00e1s actividades deportivas y recreativas.<\/p>\n<\/div>\n<\/div>\n<\/div>\n<\/div>\n<\/div>\n<\/div>\n<div class=\"  ppb_popup one withbg \" style=\"background-image:url(http:\/\/malanquinlamesa.com\/wp-content\/uploads\/2019\/11\/Home-Slider-Natacion.jpg);background-position: center center;padding:100px 0 100px 0\">\n<div class=\"page_content_wrapper\">\n<div class=\"inner\">\n<div class=\"overlay_gallery_wrapper\" style=\"text-align:center;background:\">\n<div class=\"overlay_gallery_border\">\n<div class=\"overlay_gallery_content\">\n<h2 class=\"ppb_title\">Divi\u00e9rtete con tu familia en el Club<\/h2>\n<hr class=\"title_break center\" \/>\n<div class=\"ppb_header_content\">\n<p>Campo de Golf Profesional de 18 hoyos par 72 con 7,289 yardas<br \/>\nPasto Kikuyo en Fairways y Pasto Bent en Greens<\/p>\n<p>\u00a0<\/p>\n<p><a href=\"https:\/\/malanquin.com.mx\/\" class=\"button\">Visitar Sitio Web<\/a><\/p>\n<\/div>\n<\/div>\n<\/div>\n<\/div>\n<\/div>\n<\/div>\n<\/div>\n<div class=\"standard_wrapper\">\n<div class=\"one_third withsmallpadding ppb_text\" style=\"margin-bottom: 0 !important;padding:50px 0 50px 0\">\n<div class=\"standard_wrapper\">\n<div class=\"page_content_wrapper\">\n<div class=\"inner\">\n<div style=\"margin:auto;width:100%\">\n<h5>Restaurante<\/h5>\n<p>Contamos con desayuno buffet los fines de semana, precios accesibles y gran variedad de comida con una magn\u00edfica vista a los campos de golf. Tambi\u00e9n hay servicio de Bar.<\/p>\n<\/div>\n<\/div>\n<\/div>\n<\/div>\n<\/div>\n<\/div>\n<div class=\"standard_wrapper\">\n<div class=\"one_third withsmallpadding ppb_text\" style=\"margin-bottom: 0 !important;padding:50px 0 50px 0\">\n<div class=\"standard_wrapper\">\n<div class=\"page_content_wrapper\">\n<div class=\"inner\">\n<div style=\"margin:auto;width:100%\">\n<h5>Terreno Desafiante<\/h5>\n<p>Construido entre valles y colinas naturales muy arbolados, fairways estrechos, lagos artificiales, vistas espectaculares a la Presa Allende y a las monta\u00f1as de la Sierra de Guanajuato.<\/p>\n<\/div>\n<\/div>\n<\/div>\n<\/div>\n<\/div>\n<\/div>\n<div class=\"standard_wrapper\">\n<div class=\"one_third last withsmallpadding ppb_text\" style=\"margin-bottom: 0 !important;padding:50px 0 50px 0\">\n<div class=\"standard_wrapper\">\n<div class=\"page_content_wrapper\">\n<div class=\"inner\">\n<div style=\"margin:auto;width:100%\">\n<h5>Stevent Newgent<\/h5>\n<p>El reconocido y experimentado arquitecto logr\u00f3 crear un campo \u00fanico, extraordinario y desafiante. By Newgent Golf &#038; Development.<\/p>\n<\/div>\n<\/div>\n<\/div>\n<\/div>\n<\/div>\n<\/div>\n<div class=\"standard_wrapper\">\n<div class=\"one_third withsmallpadding ppb_text\" style=\"padding-top: 0 !important;padding:50px 0 50px 0\">\n<div class=\"standard_wrapper\">\n<div class=\"page_content_wrapper\">\n<div class=\"inner\">\n<div style=\"margin:auto;width:100%\">\n<h5>Caddies Profesionales<\/h5>\n<p>Dos golfistas profesionales certificados a cargo del campo de golf ofrecen instrucci\u00f3n, clases, y asesoramiento para los golfistas de todos los niveles.<\/p>\n<\/div>\n<\/div>\n<\/div>\n<\/div>\n<\/div>\n<\/div>\n<div class=\"standard_wrapper\">\n<div class=\"one_third withsmallpadding ppb_text\" style=\"padding-top: 0 !important;padding:50px 0 50px 0\">\n<div class=\"standard_wrapper\">\n<div class=\"page_content_wrapper\">\n<div class=\"inner\">\n<div style=\"margin:auto;width:100%\">\n<h5>Alberca Semiol\u00edmpica<\/h5>\n<p>Contamos con alberca semiol\u00edmpica climatizada y alberca infantil para recreaci\u00f3n rodeada de hermosos jardines.<\/p>\n<\/div>\n<\/div>\n<\/div>\n<\/div>\n<\/div>\n<\/div>\n<div class=\"standard_wrapper\">\n<div class=\"one_third last withsmallpadding ppb_text\" style=\"padding-top: 0 !important;padding:50px 0 50px 0\">\n<div class=\"standard_wrapper\">\n<div class=\"page_content_wrapper\">\n<div class=\"inner\">\n<div style=\"margin:auto;width:100%\">\n<h5>Canchas de Tenis<\/h5>\n<p>Las mejores canchas de tenis de la ciudad se encuentran en nuestro club, 6 canchas de arcilla, 4 de ellas iluminadas.<\/p>\n<\/div>\n<\/div>\n<\/div>\n<\/div>\n<\/div>\n<\/div>\n","protected":false},"excerpt":{"rendered":"","protected":false},"author":1,"featured_media":0,"parent":0,"menu_order":0,"comment_status":"closed","ping_status":"open","template":"","meta":{"_monsterinsights_skip_tracking":false,"_monsterinsights_sitenote_active":false,"_monsterinsights_sitenote_note":"","_monsterinsights_sitenote_category":0,"footnotes":""},"class_list":["post-3253","page","type-page","status-publish","hentry"],"yoast_head":"<!-- This site is optimized with the Yoast SEO plugin v23.4 - https:\/\/yoast.com\/wordpress\/plugins\/seo\/ -->\n<title>El Club - Residencial Malanquin La Mesa<\/title>\n<meta name=\"robots\" content=\"index, follow, max-snippet:-1, max-image-preview:large, max-video-preview:-1\" \/>\n<link rel=\"canonical\" href=\"https:\/\/malanquinsanmiguel.com\/?page_id=3253\" \/>\n<meta property=\"og:locale\" content=\"es_MX\" \/>\n<meta property=\"og:type\" content=\"article\" \/>\n<meta property=\"og:title\" content=\"El Club - Residencial Malanquin La Mesa\" \/>\n<meta property=\"og:url\" content=\"https:\/\/malanquinsanmiguel.com\/?page_id=3253\" \/>\n<meta property=\"og:site_name\" content=\"Residencial Malanquin La Mesa\" \/>\n<meta property=\"article:modified_time\" content=\"2023-02-25T13:17:45+00:00\" \/>\n<meta name=\"twitter:card\" content=\"summary_large_image\" \/>\n<meta name=\"twitter:label1\" content=\"Tiempo de lectura\" \/>\n\t<meta name=\"twitter:data1\" content=\"2 minutos\" \/>\n<script type=\"application\/ld+json\" class=\"yoast-schema-graph\">{\"@context\":\"https:\/\/schema.org\",\"@graph\":[{\"@type\":\"WebPage\",\"@id\":\"https:\/\/malanquinsanmiguel.com\/?page_id=3253\",\"url\":\"https:\/\/malanquinsanmiguel.com\/?page_id=3253\",\"name\":\"El Club - Residencial Malanquin La Mesa\",\"isPartOf\":{\"@id\":\"https:\/\/malanquinsanmiguel.com\/#website\"},\"datePublished\":\"2015-07-03T10:16:50+00:00\",\"dateModified\":\"2023-02-25T13:17:45+00:00\",\"breadcrumb\":{\"@id\":\"https:\/\/malanquinsanmiguel.com\/?page_id=3253#breadcrumb\"},\"inLanguage\":\"es\",\"potentialAction\":[{\"@type\":\"ReadAction\",\"target\":[\"https:\/\/malanquinsanmiguel.com\/?page_id=3253\"]}]},{\"@type\":\"BreadcrumbList\",\"@id\":\"https:\/\/malanquinsanmiguel.com\/?page_id=3253#breadcrumb\",\"itemListElement\":[{\"@type\":\"ListItem\",\"position\":1,\"name\":\"Inicio\",\"item\":\"https:\/\/malanquinsanmiguel.com\/\"},{\"@type\":\"ListItem\",\"position\":2,\"name\":\"El Club\"}]},{\"@type\":\"WebSite\",\"@id\":\"https:\/\/malanquinsanmiguel.com\/#website\",\"url\":\"https:\/\/malanquinsanmiguel.com\/\",\"name\":\"Residencial Malanquin La Mesa\",\"description\":\"Casas y Terrenos San Miguel de Allende\",\"potentialAction\":[{\"@type\":\"SearchAction\",\"target\":{\"@type\":\"EntryPoint\",\"urlTemplate\":\"https:\/\/malanquinsanmiguel.com\/?s={search_term_string}\"},\"query-input\":{\"@type\":\"PropertyValueSpecification\",\"valueRequired\":true,\"valueName\":\"search_term_string\"}}],\"inLanguage\":\"es\"}]}<\/script>\n<!-- \/ Yoast SEO plugin. -->","yoast_head_json":{"title":"El Club - Residencial Malanquin La Mesa","robots":{"index":"index","follow":"follow","max-snippet":"max-snippet:-1","max-image-preview":"max-image-preview:large","max-video-preview":"max-video-preview:-1"},"canonical":"https:\/\/malanquinsanmiguel.com\/?page_id=3253","og_locale":"es_MX","og_type":"article","og_title":"El Club - Residencial Malanquin La Mesa","og_url":"https:\/\/malanquinsanmiguel.com\/?page_id=3253","og_site_name":"Residencial Malanquin La Mesa","article_modified_time":"2023-02-25T13:17:45+00:00","twitter_card":"summary_large_image","twitter_misc":{"Tiempo de lectura":"2 minutos"},"schema":{"@context":"https:\/\/schema.org","@graph":[{"@type":"WebPage","@id":"https:\/\/malanquinsanmiguel.com\/?page_id=3253","url":"https:\/\/malanquinsanmiguel.com\/?page_id=3253","name":"El Club - Residencial Malanquin La Mesa","isPartOf":{"@id":"https:\/\/malanquinsanmiguel.com\/#website"},"datePublished":"2015-07-03T10:16:50+00:00","dateModified":"2023-02-25T13:17:45+00:00","breadcrumb":{"@id":"https:\/\/malanquinsanmiguel.com\/?page_id=3253#breadcrumb"},"inLanguage":"es","potentialAction":[{"@type":"ReadAction","target":["https:\/\/malanquinsanmiguel.com\/?page_id=3253"]}]},{"@type":"BreadcrumbList","@id":"https:\/\/malanquinsanmiguel.com\/?page_id=3253#breadcrumb","itemListElement":[{"@type":"ListItem","position":1,"name":"Inicio","item":"https:\/\/malanquinsanmiguel.com\/"},{"@type":"ListItem","position":2,"name":"El Club"}]},{"@type":"WebSite","@id":"https:\/\/malanquinsanmiguel.com\/#website","url":"https:\/\/malanquinsanmiguel.com\/","name":"Residencial Malanquin La Mesa","description":"Casas y Terrenos San Miguel de Allende","potentialAction":[{"@type":"SearchAction","target":{"@type":"EntryPoint","urlTemplate":"https:\/\/malanquinsanmiguel.com\/?s={search_term_string}"},"query-input":{"@type":"PropertyValueSpecification","valueRequired":true,"valueName":"search_term_string"}}],"inLanguage":"es"}]}},"_links":{"self":[{"href":"https:\/\/malanquinsanmiguel.com\/index.php?rest_route=\/wp\/v2\/pages\/3253","targetHints":{"allow":["GET"]}}],"collection":[{"href":"https:\/\/malanquinsanmiguel.com\/index.php?rest_route=\/wp\/v2\/pages"}],"about":[{"href":"https:\/\/malanquinsanmiguel.com\/index.php?rest_route=\/wp\/v2\/types\/page"}],"author":[{"embeddable":true,"href":"https:\/\/malanquinsanmiguel.com\/index.php?rest_route=\/wp\/v2\/users\/1"}],"replies":[{"embeddable":true,"href":"https:\/\/malanquinsanmiguel.com\/index.php?rest_route=%2Fwp%2Fv2%2Fcomments&post=3253"}],"version-history":[{"count":0,"href":"https:\/\/malanquinsanmiguel.com\/index.php?rest_route=\/wp\/v2\/pages\/3253\/revisions"}],"wp:attachment":[{"href":"https:\/\/malanquinsanmiguel.com\/index.php?rest_route=%2Fwp%2Fv2%2Fmedia&parent=3253"}],"curies":[{"name":"wp","href":"https:\/\/api.w.org\/{rel}","templated":true}]}}