{"id":5701,"date":"2015-09-30T09:27:14","date_gmt":"2015-09-30T09:27:14","guid":{"rendered":"http:\/\/themes.themegoods.com\/photography\/demo1\/?page_id=5135"},"modified":"2023-02-25T07:17:51","modified_gmt":"2023-02-25T13:17:51","slug":"la-mesa","status":"publish","type":"page","link":"https:\/\/malanquinsanmiguel.com\/","title":{"rendered":"Residencial Malanquin La Mesa"},"content":{"rendered":"<div class=\"one withsmallpadding ppb_header \" style=\"text-align:left;padding:30px 0 30px 0\">\n<div class=\"standard_wrapper\">\n<div class=\"page_content_wrapper\">\n<div class=\"inner\">\n<div style=\"margin:auto;width:100%\">\n<h2 class=\"ppb_title\">La Mesa Grande Malanquin<\/h2>\n<hr class=\"title_break left\" \/>\n<div class=\"ppb_header_content\">\n<p>Estamos ubicados en la hermosa ciudad de San Miguel de Allende, Guanajuato M\u00e9xico donde gente de todo el mundo viene a descansar y disfrutar de su estilo de vida.<br \/>\nContamos con un exclusivo Club de Golf donde podr\u00e1s divertirte en compa\u00f1\u00eda de tu familia.<br \/>\nLos terrenos gozan de una incre\u00edble vista a la Presa Allende y monta\u00f1as de la regi\u00f3n.<\/p>\n<\/div>\n<\/div>\n<\/div>\n<\/div>\n<\/div>\n<\/div>\n<div class=\"one withsmallpadding ppb_text\" style=\"padding:30px 0 30px 0\">\n<div class=\"standard_wrapper\">\n<div class=\"page_content_wrapper\">\n<div class=\"inner\">\n<div style=\"margin:auto;width:100%\">\n<div class=\"one_third \" style=\"padding:30px 10px 30px 10px;border: 1px solid #222222\">\n<div class=\"animate_counter_wrapper\">\n<div id=\"1616708242648410864\" class=\"odometer\" style=\"font-size:60px;line-height:60px;color:#222222\">0<\/div>\n<div class=\"count_separator\"><span><\/span><\/div>\n<div class=\"counter_subject\" style=\"color:#222222\">Lotes Vendidos<\/div>\n<\/div>\n<\/div>\n<div class=\"one_third \" style=\"padding:30px 10px 30px 10px;border: 1px solid #222222\">\n<div class=\"animate_counter_wrapper\">\n<div id=\"161670824211381040\" class=\"odometer\" style=\"font-size:60px;line-height:60px\">0<\/div>\n<div class=\"count_separator\"><span><\/span><\/div>\n<div class=\"counter_subject\">Lotes Disponibles<\/div>\n<\/div>\n<\/div>\n<div class=\"one_third last \" style=\"padding:30px 10px 30px 10px;border: 1px solid #222222\">\n<div class=\"animate_counter_wrapper\">\n<div id=\"1616708242339880301\" class=\"odometer\" style=\"font-size:60px;line-height:60px;color:#222222\">0<\/div>\n<div class=\"count_separator\"><span><\/span><\/div>\n<div class=\"counter_subject\" style=\"color:#222222\">Familias Viviendo<\/div>\n<\/div>\n<\/div>\n<p><br class=\"clear\" \/><\/p>\n<\/div>\n<\/div>\n<\/div>\n<\/div>\n<\/div>\n<div class=\"one withsmallpadding ppb_text\" style=\"padding:30px 0 30px 0\">\n<div class=\"standard_wrapper\">\n<div class=\"page_content_wrapper\">\n<div class=\"inner\">\n<div style=\"margin:auto;width:100%\">\n<hr \/>\n<\/div>\n<\/div>\n<\/div>\n<\/div>\n<\/div>\n<div class=\"one withsmallpadding ppb_header \" style=\"text-align:left;padding:30px 0 30px 0\">\n<div class=\"standard_wrapper\">\n<div class=\"page_content_wrapper\">\n<div class=\"inner\">\n<div style=\"margin:auto;width:100%\">\n<h2 class=\"ppb_title\">El Residencial Malanquin La Mesa es una hermosa comunidad privada ubicada en el coraz\u00f3n de M\u00e9xico<\/h2>\n<hr class=\"title_break left\" \/>\n<div class=\"ppb_header_content\">\n<p>El proyecto est\u00e1 extraordinariamente ubicado a 2,76 km \/ 1,71 millas, aproximadamente a 5 minutos del centro de San Miguel de Allende (Conde Nast &#8220;# 1 La Mejor Ciudad del Mundo para Vivir&#8221;).<\/p>\n<\/div>\n<\/div>\n<\/div>\n<\/div>\n<\/div>\n<\/div>\n<div class=\"one withsmallpadding ppb_text\" style=\"padding:30px\">\n<p style=\"text-align: center\">\n<\/div>\n<div class=\"one withsmallpadding ppb_text\" style=\"padding:30px\">\n<p style=\"text-align: center\">\n<\/div>\n<div class=\"one withsmallpadding ppb_header \" style=\"text-align:left;padding:30px 0 30px 0\">\n<div class=\"standard_wrapper\">\n<div class=\"page_content_wrapper\">\n<div class=\"inner\">\n<div style=\"margin:auto;width:100%\">\n<h2 class=\"ppb_title\">Lotes Disponibles<\/h2>\n<hr class=\"title_break left\" \/>\n<div class=\"ppb_header_content\">\n<p>Las propiedades propuestas se encuentran en la tercera etapa del desarrollo &#8220;Residencial Malanquin La Mesa&#8221;, ubicado en la parte norte de la comunidad cerrada. Dichas propiedades consisten en 92 lotes individuales que van desde 250 metros cuadrados hasta 1049 metros cuadrados, con un promedio de entre 300 y 600 metros cuadrados.<\/p>\n<\/div>\n<\/div>\n<\/div>\n<\/div>\n<\/div>\n<\/div>\n<div class=\"standard_wrapper\">\n<div class=\"one withsmallpadding\" style=\"padding:px 0 px 0\">\n<div class=\"page_content_wrapper\">\n<div class=\"inner\">\n<div class=\"inner_wrapper\">\n<div class=\"sidebar_content left_sidebar\">\n<h2 class=\"ppb_title\">Contacto<\/h2>\n<div class=\"page_header_sep left\"><\/div>\n<div id=\"reponse_msg_16167082421951918492\" class=\"contact_form_response\">\n<ul><\/ul>\n<\/div>\n<p><label for=\"your_name\">Name *<\/label><\/p>\n<p>    \t\t\t\t<label for=\"email\">Email *<\/label><\/p>\n<p>    \t\t\t\t<label for=\"message\">Message *<\/label><br \/>\n    \t\t\t\t<textarea id=\"message\" name=\"message\" rows=\"7\" cols=\"10\" class=\"required_field\" style=\"width:95.5%\"><\/textarea><\/p>\n<div class=\"contact_submit_wrapper\"><\/div>\n<\/div>\n<div class=\"sidebar_wrapper left_sidebar\">\n<div class=\"sidebar\">\n<div class=\"content\">\n<ul class=\"sidebar_widget\"><\/ul>\n<\/div>\n<\/div>\n<\/div>\n<\/div>\n<\/div>\n<\/div>\n<\/div>\n<\/div>\n<div class=\"one withsmallpadding ppb_text\" style=\"padding:30px 0 30px 0\">\n<div class=\"standard_wrapper\">\n<div class=\"page_content_wrapper\">\n<div class=\"inner\">\n<div style=\"margin:auto;width:100%\">\n<\/div>\n<\/div>\n<\/div>\n<\/div>\n<\/div>\n","protected":false},"excerpt":{"rendered":"","protected":false},"author":1,"featured_media":0,"parent":0,"menu_order":0,"comment_status":"closed","ping_status":"closed","template":"","meta":{"_monsterinsights_skip_tracking":false,"_monsterinsights_sitenote_active":false,"_monsterinsights_sitenote_note":"","_monsterinsights_sitenote_category":0,"footnotes":""},"class_list":["post-5701","page","type-page","status-publish","hentry"],"yoast_head":"<!-- This site is optimized with the Yoast SEO plugin v23.4 - https:\/\/yoast.com\/wordpress\/plugins\/seo\/ -->\n<title>Residencial Malanquin La Mesa - San Miguel de Allende, Guanajuato<\/title>\n<meta name=\"description\" content=\"Venta de casas y terrenos en un residencial privado con vista al campo del Club de Golf Malanquin en Salida a Celaya. Lotes disponibles en el residencial.\" \/>\n<meta name=\"robots\" content=\"index, follow, max-snippet:-1, max-image-preview:large, max-video-preview:-1\" \/>\n<link rel=\"canonical\" href=\"https:\/\/malanquinsanmiguel.com\/\" \/>\n<meta property=\"og:locale\" content=\"es_MX\" \/>\n<meta property=\"og:type\" content=\"article\" \/>\n<meta property=\"og:title\" content=\"Residencial Malanquin La Mesa - San Miguel de Allende, Guanajuato\" \/>\n<meta property=\"og:description\" content=\"Venta de casas y terrenos en un residencial privado con vista al campo del Club de Golf Malanquin en Salida a Celaya. Lotes disponibles en el residencial.\" \/>\n<meta property=\"og:url\" content=\"https:\/\/malanquinsanmiguel.com\/\" \/>\n<meta property=\"og:site_name\" content=\"Residencial Malanquin La Mesa\" \/>\n<meta property=\"article:modified_time\" content=\"2023-02-25T13:17:51+00:00\" \/>\n<meta name=\"twitter:card\" content=\"summary_large_image\" \/>\n<meta name=\"twitter:label1\" content=\"Tiempo de lectura\" \/>\n\t<meta name=\"twitter:data1\" content=\"1 minuto\" \/>\n<script type=\"application\/ld+json\" class=\"yoast-schema-graph\">{\"@context\":\"https:\/\/schema.org\",\"@graph\":[{\"@type\":\"WebPage\",\"@id\":\"https:\/\/malanquinsanmiguel.com\/\",\"url\":\"https:\/\/malanquinsanmiguel.com\/\",\"name\":\"Residencial Malanquin La Mesa - San Miguel de Allende, Guanajuato\",\"isPartOf\":{\"@id\":\"https:\/\/malanquinsanmiguel.com\/#website\"},\"datePublished\":\"2015-09-30T09:27:14+00:00\",\"dateModified\":\"2023-02-25T13:17:51+00:00\",\"description\":\"Venta de casas y terrenos en un residencial privado con vista al campo del Club de Golf Malanquin en Salida a Celaya. Lotes disponibles en el residencial.\",\"breadcrumb\":{\"@id\":\"https:\/\/malanquinsanmiguel.com\/#breadcrumb\"},\"inLanguage\":\"es\",\"potentialAction\":[{\"@type\":\"ReadAction\",\"target\":[\"https:\/\/malanquinsanmiguel.com\/\"]}]},{\"@type\":\"BreadcrumbList\",\"@id\":\"https:\/\/malanquinsanmiguel.com\/#breadcrumb\",\"itemListElement\":[{\"@type\":\"ListItem\",\"position\":1,\"name\":\"Inicio\",\"item\":\"https:\/\/malanquinsanmiguel.com\/\"},{\"@type\":\"ListItem\",\"position\":2,\"name\":\"Residencial Malanquin La Mesa\"}]},{\"@type\":\"WebSite\",\"@id\":\"https:\/\/malanquinsanmiguel.com\/#website\",\"url\":\"https:\/\/malanquinsanmiguel.com\/\",\"name\":\"Residencial Malanquin La Mesa\",\"description\":\"Casas y Terrenos San Miguel de Allende\",\"potentialAction\":[{\"@type\":\"SearchAction\",\"target\":{\"@type\":\"EntryPoint\",\"urlTemplate\":\"https:\/\/malanquinsanmiguel.com\/?s={search_term_string}\"},\"query-input\":{\"@type\":\"PropertyValueSpecification\",\"valueRequired\":true,\"valueName\":\"search_term_string\"}}],\"inLanguage\":\"es\"}]}<\/script>\n<!-- \/ Yoast SEO plugin. -->","yoast_head_json":{"title":"Residencial Malanquin La Mesa - San Miguel de Allende, Guanajuato","description":"Venta de casas y terrenos en un residencial privado con vista al campo del Club de Golf Malanquin en Salida a Celaya. Lotes disponibles en el residencial.","robots":{"index":"index","follow":"follow","max-snippet":"max-snippet:-1","max-image-preview":"max-image-preview:large","max-video-preview":"max-video-preview:-1"},"canonical":"https:\/\/malanquinsanmiguel.com\/","og_locale":"es_MX","og_type":"article","og_title":"Residencial Malanquin La Mesa - San Miguel de Allende, Guanajuato","og_description":"Venta de casas y terrenos en un residencial privado con vista al campo del Club de Golf Malanquin en Salida a Celaya. Lotes disponibles en el residencial.","og_url":"https:\/\/malanquinsanmiguel.com\/","og_site_name":"Residencial Malanquin La Mesa","article_modified_time":"2023-02-25T13:17:51+00:00","twitter_card":"summary_large_image","twitter_misc":{"Tiempo de lectura":"1 minuto"},"schema":{"@context":"https:\/\/schema.org","@graph":[{"@type":"WebPage","@id":"https:\/\/malanquinsanmiguel.com\/","url":"https:\/\/malanquinsanmiguel.com\/","name":"Residencial Malanquin La Mesa - San Miguel de Allende, Guanajuato","isPartOf":{"@id":"https:\/\/malanquinsanmiguel.com\/#website"},"datePublished":"2015-09-30T09:27:14+00:00","dateModified":"2023-02-25T13:17:51+00:00","description":"Venta de casas y terrenos en un residencial privado con vista al campo del Club de Golf Malanquin en Salida a Celaya. Lotes disponibles en el residencial.","breadcrumb":{"@id":"https:\/\/malanquinsanmiguel.com\/#breadcrumb"},"inLanguage":"es","potentialAction":[{"@type":"ReadAction","target":["https:\/\/malanquinsanmiguel.com\/"]}]},{"@type":"BreadcrumbList","@id":"https:\/\/malanquinsanmiguel.com\/#breadcrumb","itemListElement":[{"@type":"ListItem","position":1,"name":"Inicio","item":"https:\/\/malanquinsanmiguel.com\/"},{"@type":"ListItem","position":2,"name":"Residencial Malanquin La Mesa"}]},{"@type":"WebSite","@id":"https:\/\/malanquinsanmiguel.com\/#website","url":"https:\/\/malanquinsanmiguel.com\/","name":"Residencial Malanquin La Mesa","description":"Casas y Terrenos San Miguel de Allende","potentialAction":[{"@type":"SearchAction","target":{"@type":"EntryPoint","urlTemplate":"https:\/\/malanquinsanmiguel.com\/?s={search_term_string}"},"query-input":{"@type":"PropertyValueSpecification","valueRequired":true,"valueName":"search_term_string"}}],"inLanguage":"es"}]}},"_links":{"self":[{"href":"https:\/\/malanquinsanmiguel.com\/index.php?rest_route=\/wp\/v2\/pages\/5701","targetHints":{"allow":["GET"]}}],"collection":[{"href":"https:\/\/malanquinsanmiguel.com\/index.php?rest_route=\/wp\/v2\/pages"}],"about":[{"href":"https:\/\/malanquinsanmiguel.com\/index.php?rest_route=\/wp\/v2\/types\/page"}],"author":[{"embeddable":true,"href":"https:\/\/malanquinsanmiguel.com\/index.php?rest_route=\/wp\/v2\/users\/1"}],"replies":[{"embeddable":true,"href":"https:\/\/malanquinsanmiguel.com\/index.php?rest_route=%2Fwp%2Fv2%2Fcomments&post=5701"}],"version-history":[{"count":0,"href":"https:\/\/malanquinsanmiguel.com\/index.php?rest_route=\/wp\/v2\/pages\/5701\/revisions"}],"wp:attachment":[{"href":"https:\/\/malanquinsanmiguel.com\/index.php?rest_route=%2Fwp%2Fv2%2Fmedia&parent=5701"}],"curies":[{"name":"wp","href":"https:\/\/api.w.org\/{rel}","templated":true}]}}